{"id":3,"date":"2026-02-08T16:35:02","date_gmt":"2026-02-08T16:35:02","guid":{"rendered":"https:\/\/cubiertosdegloriajaen.com\/?page_id=3"},"modified":"2026-02-19T10:43:17","modified_gmt":"2026-02-19T10:43:17","slug":"privacy-policy","status":"publish","type":"page","link":"https:\/\/cubiertosdegloriajaen.com\/?page_id=3","title":{"rendered":"Pol\u00edtica de Privacidad"},"content":{"rendered":"<h2 data-start=\"302\" data-end=\"327\">Pol\u00edtica de Privacidad<\/h2>\n<p data-start=\"329\" data-end=\"662\">En cumplimiento de lo dispuesto en el Reglamento (UE) 2016\/679 del Parlamento Europeo y del Consejo (RGPD) y en la Ley Org\u00e1nica 3\/2018, de Protecci\u00f3n de Datos Personales y garant\u00eda de los derechos digitales (LOPDGDD), se informa a los usuarios del sitio web <strong data-start=\"587\" data-end=\"616\">cubiertosdegloriajaen.com<\/strong> sobre el tratamiento de sus datos personales.<\/p>\n<h3 data-start=\"664\" data-end=\"700\">1. Responsable del tratamiento<\/h3>\n<p data-start=\"701\" data-end=\"790\">El responsable del tratamiento de los datos es <strong data-start=\"748\" data-end=\"789\"><span class=\"hover:entity-accent entity-underline inline cursor-pointer align-baseline\"><span class=\"whitespace-normal\">Cubiertos de Gloria<\/span><\/span><\/strong>.<\/p>\n<h3 data-start=\"792\" data-end=\"821\">2. Datos que se recogen<\/h3>\n<p data-start=\"822\" data-end=\"918\">A trav\u00e9s del formulario de contacto del sitio web se recoge \u00fanicamente la siguiente informaci\u00f3n:<\/p>\n<ul data-start=\"919\" data-end=\"1031\">\n<li data-start=\"919\" data-end=\"968\">\n<p data-start=\"921\" data-end=\"968\">Direcci\u00f3n de correo electr\u00f3nico del remitente<\/p>\n<\/li>\n<li data-start=\"969\" data-end=\"1031\">\n<p data-start=\"971\" data-end=\"1031\">Contenido del mensaje enviado voluntariamente por el usuario<\/p>\n<\/li>\n<\/ul>\n<p data-start=\"1033\" data-end=\"1089\">No se solicitan ni recogen datos personales adicionales.<\/p>\n<h3 data-start=\"1091\" data-end=\"1125\">3. Finalidad del tratamiento<\/h3>\n<p data-start=\"1126\" data-end=\"1421\">Los datos facilitados por el usuario ser\u00e1n utilizados <strong data-start=\"1180\" data-end=\"1257\">exclusivamente para atender la consulta o solicitud de contacto realizada<\/strong>.<br data-start=\"1258\" data-end=\"1261\" \/>El correo electr\u00f3nico proporcionado se emplear\u00e1 \u00fanicamente para responder al mensaje enviado y mantener, en su caso, la comunicaci\u00f3n derivada de dicha consulta.<\/p>\n<h3 data-start=\"1423\" data-end=\"1457\">4. Conservaci\u00f3n de los datos<\/h3>\n<p data-start=\"1458\" data-end=\"1756\">Los mensajes enviados a trav\u00e9s del formulario <strong data-start=\"1504\" data-end=\"1573\">no se almacenan en bases de datos ni se conservan en el sitio web<\/strong>.<br data-start=\"1574\" data-end=\"1577\" \/>Una vez atendida la solicitud de contacto, los datos no ser\u00e1n utilizados para ning\u00fan otro fin ni conservados m\u00e1s all\u00e1 del tiempo estrictamente necesario para responder al usuario.<\/p>\n<h3 data-start=\"1758\" data-end=\"1779\">5. Legitimaci\u00f3n<\/h3>\n<p data-start=\"1780\" data-end=\"1927\">La base legal para el tratamiento de los datos es el <strong data-start=\"1833\" data-end=\"1863\">consentimiento del usuario<\/strong>, otorgado de forma expresa al enviar el formulario de contacto.<\/p>\n<h3 data-start=\"1929\" data-end=\"1964\">6. Destinatarios de los datos<\/h3>\n<p data-start=\"1965\" data-end=\"2128\">Los datos no ser\u00e1n cedidos a terceros ni utilizados con fines comerciales, publicitarios o promocionales.<br data-start=\"2070\" data-end=\"2073\" \/>No se realizan transferencias internacionales de datos.<\/p>\n<h3 data-start=\"2130\" data-end=\"2159\">7. Derechos del usuario<\/h3>\n<p data-start=\"2160\" data-end=\"2222\">El usuario puede ejercer en cualquier momento sus derechos de:<\/p>\n<ul data-start=\"2223\" data-end=\"2310\">\n<li data-start=\"2223\" data-end=\"2233\">\n<p data-start=\"2225\" data-end=\"2233\">Acceso<\/p>\n<\/li>\n<li data-start=\"2234\" data-end=\"2251\">\n<p data-start=\"2236\" data-end=\"2251\">Rectificaci\u00f3n<\/p>\n<\/li>\n<li data-start=\"2252\" data-end=\"2265\">\n<p data-start=\"2254\" data-end=\"2265\">Supresi\u00f3n<\/p>\n<\/li>\n<li data-start=\"2266\" data-end=\"2296\">\n<p data-start=\"2268\" data-end=\"2296\">Limitaci\u00f3n del tratamiento<\/p>\n<\/li>\n<li data-start=\"2297\" data-end=\"2310\">\n<p data-start=\"2299\" data-end=\"2310\">Oposici\u00f3n<\/p>\n<\/li>\n<\/ul>\n<p data-start=\"2312\" data-end=\"2427\">Para ello, podr\u00e1 solicitarlo mediante comunicaci\u00f3n escrita a trav\u00e9s del medio de contacto indicado en el sitio web.<\/p>\n<h3 data-start=\"2429\" data-end=\"2458\">8. Medidas de seguridad<\/h3>\n<p data-start=\"2459\" data-end=\"2655\">Cubiertos de Gloria adopta las medidas t\u00e9cnicas y organizativas necesarias para garantizar la seguridad e integridad de los datos personales y evitar su alteraci\u00f3n, p\u00e9rdida o acceso no autorizado.<\/p>\n<h3 data-start=\"2657\" data-end=\"2702\">9. Cambios en la pol\u00edtica de privacidad<\/h3>\n<p data-start=\"2703\" data-end=\"2918\">Cubiertos de Gloria se reserva el derecho a modificar la presente Pol\u00edtica de Privacidad para adaptarla a novedades legislativas o jurisprudenciales. Cualquier cambio ser\u00e1 debidamente publicado en esta misma p\u00e1gina.<\/p>\n","protected":false},"excerpt":{"rendered":"<p>Pol\u00edtica de Privacidad En cumplimiento de lo dispuesto en el Reglamento (UE) 2016\/679 del Parlamento Europeo y del Consejo (RGPD) y en la Ley Org\u00e1nica 3\/2018, de Protecci\u00f3n de Datos&hellip;<\/p>\n","protected":false},"author":1,"featured_media":0,"parent":0,"menu_order":0,"comment_status":"closed","ping_status":"open","template":"","meta":{"content-type":"","_lmt_disableupdate":"no","_lmt_disable":"","footnotes":""},"class_list":["post-3","page","type-page","status-publish","hentry"],"_links":{"self":[{"href":"https:\/\/cubiertosdegloriajaen.com\/index.php?rest_route=\/wp\/v2\/pages\/3","targetHints":{"allow":["GET"]}}],"collection":[{"href":"https:\/\/cubiertosdegloriajaen.com\/index.php?rest_route=\/wp\/v2\/pages"}],"about":[{"href":"https:\/\/cubiertosdegloriajaen.com\/index.php?rest_route=\/wp\/v2\/types\/page"}],"author":[{"embeddable":true,"href":"https:\/\/cubiertosdegloriajaen.com\/index.php?rest_route=\/wp\/v2\/users\/1"}],"replies":[{"embeddable":true,"href":"https:\/\/cubiertosdegloriajaen.com\/index.php?rest_route=%2Fwp%2Fv2%2Fcomments&post=3"}],"version-history":[{"count":3,"href":"https:\/\/cubiertosdegloriajaen.com\/index.php?rest_route=\/wp\/v2\/pages\/3\/revisions"}],"predecessor-version":[{"id":464,"href":"https:\/\/cubiertosdegloriajaen.com\/index.php?rest_route=\/wp\/v2\/pages\/3\/revisions\/464"}],"wp:attachment":[{"href":"https:\/\/cubiertosdegloriajaen.com\/index.php?rest_route=%2Fwp%2Fv2%2Fmedia&parent=3"}],"curies":[{"name":"wp","href":"https:\/\/api.w.org\/{rel}","templated":true}]}}